{"id":12692,"date":"2025-05-16T12:10:25","date_gmt":"2025-05-16T10:10:25","guid":{"rendered":"https:\/\/uniquetherapy.app\/willkommen\/"},"modified":"2025-05-20T09:57:08","modified_gmt":"2025-05-20T07:57:08","slug":"willkommen","status":"publish","type":"page","link":"https:\/\/uniquetherapy.shop\/de\/willkommen\/","title":{"rendered":"Willkommen"},"content":{"rendered":"<div style=\"height:60px\" aria-hidden=\"true\" class=\"wp-block-spacer\"><\/div><figure class=\"wp-block-image aligncenter size-large is-resized\"><a href=\"https:\/\/uniquetherapy.cz\/wp-content\/uploads\/2023\/01\/cropped-Unique_logo.png\"><img fetchpriority=\"high\" decoding=\"async\" width=\"1024\" height=\"727\" src=\"https:\/\/uniquetherapy.cz\/wp-content\/uploads\/2023\/01\/cropped-Unique_logo-1024x727.png\" alt=\"\" class=\"wp-image-8674\" style=\"width:200px\" srcset=\"https:\/\/uniquetherapy.shop\/wp-content\/uploads\/2023\/01\/cropped-Unique_logo-1024x727.png 1024w, https:\/\/uniquetherapy.shop\/wp-content\/uploads\/2023\/01\/cropped-Unique_logo-800x568.png 800w, https:\/\/uniquetherapy.shop\/wp-content\/uploads\/2023\/01\/cropped-Unique_logo-300x213.png 300w, https:\/\/uniquetherapy.shop\/wp-content\/uploads\/2023\/01\/cropped-Unique_logo-768x545.png 768w, https:\/\/uniquetherapy.shop\/wp-content\/uploads\/2023\/01\/cropped-Unique_logo-18x12.png 18w, https:\/\/uniquetherapy.shop\/wp-content\/uploads\/2023\/01\/cropped-Unique_logo-120x85.png 120w, https:\/\/uniquetherapy.shop\/wp-content\/uploads\/2023\/01\/cropped-Unique_logo.png 1182w\" sizes=\"(max-width: 1024px) 100vw, 1024px\" \/><\/a><\/figure><div style=\"height:20px\" aria-hidden=\"true\" class=\"wp-block-spacer\"><\/div><p class=\"has-text-align-center has-ast-global-color-0-color has-text-color has-link-color wp-elements-b8db74fe299cdafde19fc34dcf181a93\" style=\"padding-top:0;padding-bottom:0\"><a href=\"mailto:info@uniquetherapeutics.com\" target=\"_blank\" rel=\"noreferrer noopener\">info@uniquetherapeutics.com<\/a><\/p><div style=\"height:20px\" aria-hidden=\"true\" class=\"wp-block-spacer\"><\/div><div style=\"display: flex; justify-content: center; gap: 20px; color: black;\">\r\n  <a href=\"https:\/\/www.facebook.com\/uniquetherapeutics\/\" target=\"_blank\" style=\"width: 40px; height: 40px;\">\r\n    <svg viewbox=\"0 0 512 512\" xmlns=\"http:\/\/www.w3.org\/2000\/svg\" style=\"width: 100%; height: 100%;\">\r\n      <path d=\"M504 256C504 119 393 8 256 8S8 119 8 256c0 123.78 90.69 226.38 209.25 245V327.69h-63V256h63v-54.64c0-62.15 \r\n      37-96.48 93.67-96.48 27.14 0 55.52 4.84 55.52 4.84v61h-31.28c-30.8 0-40.41 \r\n      19.12-40.41 38.73V256h68.78l-11 71.69h-57.78V501C413.31 482.38 504 379.78 504 256z\"><\/path>\r\n    <\/svg>\r\n  <\/a>\r\n  <a href=\"https:\/\/www.instagram.com\/unique_therapeutics\/?hl=cs\" target=\"_blank\" style=\"width: 40px; height: 40px;\">\r\n    <svg viewbox=\"0 0 448 512\" xmlns=\"http:\/\/www.w3.org\/2000\/svg\" style=\"width: 100%; height: 100%;\">\r\n      <path d=\"M224.1 141c-63.6 0-114.9 51.3-114.9 \r\n      114.9s51.3 114.9 114.9 114.9S339 319.5 339 255.9 287.7 141 224.1 \r\n      141zm0 189.6c-41.1 0-74.7-33.5-74.7-74.7s33.5-74.7 74.7-74.7 \r\n      74.7 33.5 74.7 74.7-33.6 74.7-74.7 \r\n      74.7zm146.4-194.3c0 14.9-12 26.8-26.8 \r\n      26.8-14.9 0-26.8-12-26.8-26.8s12-26.8 \r\n      26.8-26.8 26.8 12 26.8 26.8zm76.1 \r\n      27.2c-1.7-35.9-9.9-67.7-36.2-93.9-26.2-26.2-58-34.4-93.9-36.2-37-2.1-147.9-2.1-184.9 \r\n      0-35.8 1.7-67.6 9.9-93.9 \r\n      36.1s-34.4 58-36.2 93.9c-2.1 37-2.1 147.9 0 \r\n      184.9 1.7 35.9 9.9 67.7 36.2 \r\n      93.9s58 34.4 93.9 36.2c37 2.1 147.9 2.1 \r\n      184.9 0 35.9-1.7 67.7-9.9 \r\n      93.9-36.2 26.2-26.2 34.4-58 \r\n      36.2-93.9 2.1-37 2.1-147.8 0-184.8zM398.8 \r\n      388c-7.8 19.6-22.9 34.7-42.6 42.6-29.5 \r\n      11.7-99.5 9-132.1 9s-102.7 \r\n      2.6-132.1-9c-19.6-7.8-34.7-22.9-42.6-42.6-11.7-29.5-9-99.5-9-132.1s-2.6-102.7 \r\n      9-132.1c7.8-19.6 22.9-34.7 \r\n      42.6-42.6 29.5-11.7 99.5-9 \r\n      132.1-9s102.7-2.6 132.1 \r\n      9c19.6 7.8 34.7 22.9 42.6 \r\n      42.6 11.7 29.5 9 99.5 9 \r\n      132.1s2.7 102.7-9 132.1z\"><\/path>\r\n    <\/svg>\r\n  <\/a>\r\n<\/div><div style=\"height:20px\" aria-hidden=\"true\" class=\"wp-block-spacer\"><\/div><p class=\"has-text-align-center has-ast-global-color-0-color has-text-color has-link-color wp-elements-51008b8b4289f8b0b4832b92510f7a53\">Kone\u010dn\u00e1 874\/5, 400 01 \u00dast\u00ed nad Labem-m\u011bsto-Kl\u00ed\u0161e, Czechia<\/p><div style=\"height:20px\" aria-hidden=\"true\" class=\"wp-block-spacer\"><\/div><p class=\"has-text-align-center has-ast-global-color-0-color has-text-color has-link-color wp-elements-5ef27567e5bb47d265a0fcf0370f98b3\"><a href=\"https:\/\/uniquetherapy.app\/de\/datenschutzerklarung-2025\/\" data-type=\"page\" data-id=\"12560\" target=\"_blank\" rel=\"noreferrer noopener\">Datenschutzrichtlinie<\/a><\/p><div style=\"height:60px\" aria-hidden=\"true\" class=\"wp-block-spacer\"><\/div><p><\/p>","protected":false},"excerpt":{"rendered":"<p>info@uniquetherapeutics.com Kone\u010dn\u00e1 874\/5, 400 01 \u00dast\u00ed nad Labem-m\u011bsto-Kl\u00ed\u0161e, Czechia Datenschutzrichtlinie<\/p>\n","protected":false},"author":446,"featured_media":0,"parent":0,"menu_order":0,"comment_status":"closed","ping_status":"closed","template":"welcome.php","meta":{"inline_featured_image":false,"site-sidebar-layout":"default","site-content-layout":"","ast-site-content-layout":"default","site-content-style":"default","site-sidebar-style":"default","ast-global-header-display":"","ast-banner-title-visibility":"","ast-main-header-display":"","ast-hfb-above-header-display":"","ast-hfb-below-header-display":"","ast-hfb-mobile-header-display":"","site-post-title":"","ast-breadcrumbs-content":"","ast-featured-img":"","footer-sml-layout":"","theme-transparent-header-meta":"","adv-header-id-meta":"","stick-header-meta":"","header-above-stick-meta":"","header-main-stick-meta":"","header-below-stick-meta":"","astra-migrate-meta-layouts":"","ast-page-background-enabled":"default","ast-page-background-meta":{"desktop":{"background-color":"","background-image":"","background-repeat":"repeat","background-position":"center center","background-size":"auto","background-attachment":"scroll","background-type":"","background-media":"","overlay-type":"","overlay-color":"","overlay-gradient":""},"tablet":{"background-color":"","background-image":"","background-repeat":"repeat","background-position":"center center","background-size":"auto","background-attachment":"scroll","background-type":"","background-media":"","overlay-type":"","overlay-color":"","overlay-gradient":""},"mobile":{"background-color":"","background-image":"","background-repeat":"repeat","background-position":"center center","background-size":"auto","background-attachment":"scroll","background-type":"","background-media":"","overlay-type":"","overlay-color":"","overlay-gradient":""}},"ast-content-background-meta":{"desktop":{"background-color":"var(--ast-global-color-5)","background-image":"","background-repeat":"repeat","background-position":"center center","background-size":"auto","background-attachment":"scroll","background-type":"","background-media":"","overlay-type":"","overlay-color":"","overlay-gradient":""},"tablet":{"background-color":"var(--ast-global-color-5)","background-image":"","background-repeat":"repeat","background-position":"center center","background-size":"auto","background-attachment":"scroll","background-type":"","background-media":"","overlay-type":"","overlay-color":"","overlay-gradient":""},"mobile":{"background-color":"var(--ast-global-color-5)","background-image":"","background-repeat":"repeat","background-position":"center center","background-size":"auto","background-attachment":"scroll","background-type":"","background-media":"","overlay-type":"","overlay-color":"","overlay-gradient":""}},"footnotes":""},"class_list":["post-12692","page","type-page","status-publish","hentry"],"_links":{"self":[{"href":"https:\/\/uniquetherapy.shop\/de\/wp-json\/wp\/v2\/pages\/12692","targetHints":{"allow":["GET"]}}],"collection":[{"href":"https:\/\/uniquetherapy.shop\/de\/wp-json\/wp\/v2\/pages"}],"about":[{"href":"https:\/\/uniquetherapy.shop\/de\/wp-json\/wp\/v2\/types\/page"}],"author":[{"embeddable":true,"href":"https:\/\/uniquetherapy.shop\/de\/wp-json\/wp\/v2\/users\/446"}],"replies":[{"embeddable":true,"href":"https:\/\/uniquetherapy.shop\/de\/wp-json\/wp\/v2\/comments?post=12692"}],"version-history":[{"count":3,"href":"https:\/\/uniquetherapy.shop\/de\/wp-json\/wp\/v2\/pages\/12692\/revisions"}],"predecessor-version":[{"id":12702,"href":"https:\/\/uniquetherapy.shop\/de\/wp-json\/wp\/v2\/pages\/12692\/revisions\/12702"}],"wp:attachment":[{"href":"https:\/\/uniquetherapy.shop\/de\/wp-json\/wp\/v2\/media?parent=12692"}],"curies":[{"name":"wp","href":"https:\/\/api.w.org\/{rel}","templated":true}]}}